{"id":10164,"date":"2023-01-10T19:05:49","date_gmt":"2023-01-10T19:05:49","guid":{"rendered":"https:\/\/runibex.com\/?page_id=10164"},"modified":"2023-02-10T08:46:55","modified_gmt":"2023-02-10T08:46:55","slug":"aydinlatma-metni","status":"publish","type":"page","link":"https:\/\/legacy.runibex.com\/tr\/aydinlatma-metni\/","title":{"rendered":"Ayd\u0131nlatma Metni"},"content":{"rendered":"<div class=\"fusion-fullwidth fullwidth-box fusion-builder-row-1 nonhundred-percent-fullwidth non-hundred-percent-height-scrolling\" style=\"background-color: rgba(255,255,255,0);background-position: center center;background-repeat: no-repeat;padding-top:40px;padding-right:0px;padding-bottom:60px;padding-left:0px;margin-bottom: 0px;margin-top: 0px;border-width: 0px 0px 0px 0px;border-color:#eae9e9;border-style:solid;\" ><div class=\"fusion-builder-row fusion-row\"><div class=\"fusion-layout-column fusion_builder_column fusion-builder-column-0 fusion_builder_column_1_1 1_1 fusion-one-full fusion-column-first fusion-column-last\" style=\"margin-top:0px;margin-bottom:20px;\"><div class=\"fusion-column-wrapper fusion-flex-column-wrapper-legacy\" style=\"background-position:left top;background-repeat:no-repeat;-webkit-background-size:cover;-moz-background-size:cover;-o-background-size:cover;background-size:cover;padding: 0px 0px 0px 0px;\"><div class=\"fusion-text fusion-text-1\" style=\"text-transform:none;\"><p style=\"text-align: center;\"><strong><em><a href=\"https:\/\/runibex.com\/wp-content\/uploads\/2023\/01\/Kisisel-Verilere-Iliskin-Veri-Sorumlusuna-Basvuru-Formu.docx\">Ki\u015fisel Verilere \u0130li\u015fkin Veri Sorumlusuna Ba\u015fvuru Formu<\/a><\/em><\/strong><\/p>\n<p style=\"text-align: center;\"><strong><em><a href=\"https:\/\/runibex.com\/wp-content\/uploads\/2023\/01\/PERSONEL-AYDINLATMA-METNI.docx\">Personel Ayd\u0131nlatma Metni<\/a><\/em><\/strong><\/p>\n<\/div><div class=\"fusion-clearfix\"><\/div><\/div><\/div><\/div><\/div>\n","protected":false},"excerpt":{"rendered":"","protected":false},"author":9,"featured_media":0,"parent":0,"menu_order":0,"comment_status":"closed","ping_status":"closed","template":"100-width.php","meta":[],"yoast_head":"<!-- This site is optimized with the Yoast SEO Premium plugin v19.2.1 (Yoast SEO v21.1) - https:\/\/yoast.com\/wordpress\/plugins\/seo\/ -->\n<title>G\u00f6rsel Tan\u0131ma Kullanarak Aray\u0131n ve Sat\u0131n Al\u0131n - Ayd\u0131nlatma Metni<\/title>\n<meta name=\"description\" content=\"G\u00f6r\u00fcnt\u00fc tan\u0131ma, e-ticarette \u00f6nemli bir e\u011filimdir. G\u00f6rsel arama ve g\u00f6rsel ticaret, \u00f6\u011feleri aramak ve sat\u0131n almak i\u00e7in g\u00f6rselleri kulland\u0131.\" \/>\n<meta name=\"robots\" content=\"index, follow, max-snippet:-1, max-image-preview:large, max-video-preview:-1\" \/>\n<link rel=\"canonical\" href=\"https:\/\/legacy.runibex.com\/tr\/aydinlatma-metni\/\" \/>\n<meta property=\"og:locale\" content=\"tr_TR\" \/>\n<meta property=\"og:type\" content=\"article\" \/>\n<meta property=\"og:title\" content=\"Ayd\u0131nlatma Metni\" \/>\n<meta property=\"og:description\" content=\"G\u00f6r\u00fcnt\u00fc tan\u0131ma, e-ticarette \u00f6nemli bir e\u011filimdir. G\u00f6rsel arama ve g\u00f6rsel ticaret, \u00f6\u011feleri aramak ve sat\u0131n almak i\u00e7in g\u00f6rselleri kulland\u0131.\" \/>\n<meta property=\"og:url\" content=\"https:\/\/legacy.runibex.com\/tr\/aydinlatma-metni\/\" \/>\n<meta property=\"og:site_name\" content=\"Runibex Technology\" \/>\n<meta property=\"article:publisher\" content=\"https:\/\/www.facebook.com\/runibextechnologygroup\/\" \/>\n<meta property=\"article:modified_time\" content=\"2023-02-10T08:46:55+00:00\" \/>\n<meta name=\"twitter:card\" content=\"summary_large_image\" \/>\n<meta name=\"twitter:site\" content=\"@runibex\" \/>\n<meta name=\"twitter:label1\" content=\"Tahmini okuma s\u00fcresi\" \/>\n\t<meta name=\"twitter:data1\" content=\"1 dakika\" \/>\n<script type=\"application\/ld+json\" class=\"yoast-schema-graph\">{\"@context\":\"https:\/\/schema.org\",\"@graph\":[{\"@type\":\"WebPage\",\"@id\":\"https:\/\/legacy.runibex.com\/tr\/aydinlatma-metni\/\",\"url\":\"https:\/\/legacy.runibex.com\/tr\/aydinlatma-metni\/\",\"name\":\"G\u00f6rsel Tan\u0131ma Kullanarak Aray\u0131n ve Sat\u0131n Al\u0131n - Ayd\u0131nlatma Metni\",\"isPartOf\":{\"@id\":\"https:\/\/legacy.runibex.com\/#website\"},\"datePublished\":\"2023-01-10T19:05:49+00:00\",\"dateModified\":\"2023-02-10T08:46:55+00:00\",\"description\":\"G\u00f6r\u00fcnt\u00fc tan\u0131ma, e-ticarette \u00f6nemli bir e\u011filimdir. G\u00f6rsel arama ve g\u00f6rsel ticaret, \u00f6\u011feleri aramak ve sat\u0131n almak i\u00e7in g\u00f6rselleri kulland\u0131.\",\"breadcrumb\":{\"@id\":\"https:\/\/legacy.runibex.com\/tr\/aydinlatma-metni\/#breadcrumb\"},\"inLanguage\":\"tr\",\"potentialAction\":[{\"@type\":\"ReadAction\",\"target\":[\"https:\/\/legacy.runibex.com\/tr\/aydinlatma-metni\/\"]}]},{\"@type\":\"BreadcrumbList\",\"@id\":\"https:\/\/legacy.runibex.com\/tr\/aydinlatma-metni\/#breadcrumb\",\"itemListElement\":[{\"@type\":\"ListItem\",\"position\":1,\"name\":\"Home\",\"item\":\"https:\/\/legacy.runibex.com\/tr\/\"},{\"@type\":\"ListItem\",\"position\":2,\"name\":\"Ayd\u0131nlatma Metni\"}]},{\"@type\":\"WebSite\",\"@id\":\"https:\/\/legacy.runibex.com\/#website\",\"url\":\"https:\/\/legacy.runibex.com\/\",\"name\":\"Runibex Technology\",\"description\":\"A cloud service provider and SAP service provider combined to help migrate, manage and optimize your Cloud, SAP and ecommerce systems.\",\"publisher\":{\"@id\":\"https:\/\/legacy.runibex.com\/#organization\"},\"potentialAction\":[{\"@type\":\"SearchAction\",\"target\":{\"@type\":\"EntryPoint\",\"urlTemplate\":\"https:\/\/legacy.runibex.com\/?s={search_term_string}\"},\"query-input\":\"required name=search_term_string\"}],\"inLanguage\":\"tr\"},{\"@type\":\"Organization\",\"@id\":\"https:\/\/legacy.runibex.com\/#organization\",\"name\":\"Runibex Technology\",\"url\":\"https:\/\/legacy.runibex.com\/\",\"logo\":{\"@type\":\"ImageObject\",\"inLanguage\":\"tr\",\"@id\":\"https:\/\/legacy.runibex.com\/#\/schema\/logo\/image\/\",\"url\":\"https:\/\/i0.wp.com\/runibex.com\/wp-content\/uploads\/2022\/08\/Runibex_logo-01-mobile-retina.png?fit=400%2C123&ssl=1\",\"contentUrl\":\"https:\/\/i0.wp.com\/runibex.com\/wp-content\/uploads\/2022\/08\/Runibex_logo-01-mobile-retina.png?fit=400%2C123&ssl=1\",\"width\":400,\"height\":123,\"caption\":\"Runibex Technology\"},\"image\":{\"@id\":\"https:\/\/legacy.runibex.com\/#\/schema\/logo\/image\/\"},\"sameAs\":[\"https:\/\/www.facebook.com\/runibextechnologygroup\/\",\"https:\/\/twitter.com\/runibex\",\"https:\/\/www.instagram.com\/runibextechnology\/\",\"https:\/\/www.linkedin.com\/company\/runibex\/\"]}]}<\/script>\n<!-- \/ Yoast SEO Premium plugin. -->","yoast_head_json":{"title":"G\u00f6rsel Tan\u0131ma Kullanarak Aray\u0131n ve Sat\u0131n Al\u0131n - Ayd\u0131nlatma Metni","description":"G\u00f6r\u00fcnt\u00fc tan\u0131ma, e-ticarette \u00f6nemli bir e\u011filimdir. G\u00f6rsel arama ve g\u00f6rsel ticaret, \u00f6\u011feleri aramak ve sat\u0131n almak i\u00e7in g\u00f6rselleri kulland\u0131.","robots":{"index":"index","follow":"follow","max-snippet":"max-snippet:-1","max-image-preview":"max-image-preview:large","max-video-preview":"max-video-preview:-1"},"canonical":"https:\/\/legacy.runibex.com\/tr\/aydinlatma-metni\/","og_locale":"tr_TR","og_type":"article","og_title":"Ayd\u0131nlatma Metni","og_description":"G\u00f6r\u00fcnt\u00fc tan\u0131ma, e-ticarette \u00f6nemli bir e\u011filimdir. G\u00f6rsel arama ve g\u00f6rsel ticaret, \u00f6\u011feleri aramak ve sat\u0131n almak i\u00e7in g\u00f6rselleri kulland\u0131.","og_url":"https:\/\/legacy.runibex.com\/tr\/aydinlatma-metni\/","og_site_name":"Runibex Technology","article_publisher":"https:\/\/www.facebook.com\/runibextechnologygroup\/","article_modified_time":"2023-02-10T08:46:55+00:00","twitter_card":"summary_large_image","twitter_site":"@runibex","twitter_misc":{"Tahmini okuma s\u00fcresi":"1 dakika"},"schema":{"@context":"https:\/\/schema.org","@graph":[{"@type":"WebPage","@id":"https:\/\/legacy.runibex.com\/tr\/aydinlatma-metni\/","url":"https:\/\/legacy.runibex.com\/tr\/aydinlatma-metni\/","name":"G\u00f6rsel Tan\u0131ma Kullanarak Aray\u0131n ve Sat\u0131n Al\u0131n - Ayd\u0131nlatma Metni","isPartOf":{"@id":"https:\/\/legacy.runibex.com\/#website"},"datePublished":"2023-01-10T19:05:49+00:00","dateModified":"2023-02-10T08:46:55+00:00","description":"G\u00f6r\u00fcnt\u00fc tan\u0131ma, e-ticarette \u00f6nemli bir e\u011filimdir. G\u00f6rsel arama ve g\u00f6rsel ticaret, \u00f6\u011feleri aramak ve sat\u0131n almak i\u00e7in g\u00f6rselleri kulland\u0131.","breadcrumb":{"@id":"https:\/\/legacy.runibex.com\/tr\/aydinlatma-metni\/#breadcrumb"},"inLanguage":"tr","potentialAction":[{"@type":"ReadAction","target":["https:\/\/legacy.runibex.com\/tr\/aydinlatma-metni\/"]}]},{"@type":"BreadcrumbList","@id":"https:\/\/legacy.runibex.com\/tr\/aydinlatma-metni\/#breadcrumb","itemListElement":[{"@type":"ListItem","position":1,"name":"Home","item":"https:\/\/legacy.runibex.com\/tr\/"},{"@type":"ListItem","position":2,"name":"Ayd\u0131nlatma Metni"}]},{"@type":"WebSite","@id":"https:\/\/legacy.runibex.com\/#website","url":"https:\/\/legacy.runibex.com\/","name":"Runibex Technology","description":"A cloud service provider and SAP service provider combined to help migrate, manage and optimize your Cloud, SAP and ecommerce systems.","publisher":{"@id":"https:\/\/legacy.runibex.com\/#organization"},"potentialAction":[{"@type":"SearchAction","target":{"@type":"EntryPoint","urlTemplate":"https:\/\/legacy.runibex.com\/?s={search_term_string}"},"query-input":"required name=search_term_string"}],"inLanguage":"tr"},{"@type":"Organization","@id":"https:\/\/legacy.runibex.com\/#organization","name":"Runibex Technology","url":"https:\/\/legacy.runibex.com\/","logo":{"@type":"ImageObject","inLanguage":"tr","@id":"https:\/\/legacy.runibex.com\/#\/schema\/logo\/image\/","url":"https:\/\/i0.wp.com\/runibex.com\/wp-content\/uploads\/2022\/08\/Runibex_logo-01-mobile-retina.png?fit=400%2C123&ssl=1","contentUrl":"https:\/\/i0.wp.com\/runibex.com\/wp-content\/uploads\/2022\/08\/Runibex_logo-01-mobile-retina.png?fit=400%2C123&ssl=1","width":400,"height":123,"caption":"Runibex Technology"},"image":{"@id":"https:\/\/legacy.runibex.com\/#\/schema\/logo\/image\/"},"sameAs":["https:\/\/www.facebook.com\/runibextechnologygroup\/","https:\/\/twitter.com\/runibex","https:\/\/www.instagram.com\/runibextechnology\/","https:\/\/www.linkedin.com\/company\/runibex\/"]}]}},"amp_enabled":false,"_links":{"self":[{"href":"https:\/\/legacy.runibex.com\/tr\/wp-json\/wp\/v2\/pages\/10164"}],"collection":[{"href":"https:\/\/legacy.runibex.com\/tr\/wp-json\/wp\/v2\/pages"}],"about":[{"href":"https:\/\/legacy.runibex.com\/tr\/wp-json\/wp\/v2\/types\/page"}],"author":[{"embeddable":true,"href":"https:\/\/legacy.runibex.com\/tr\/wp-json\/wp\/v2\/users\/9"}],"replies":[{"embeddable":true,"href":"https:\/\/legacy.runibex.com\/tr\/wp-json\/wp\/v2\/comments?post=10164"}],"version-history":[{"count":8,"href":"https:\/\/legacy.runibex.com\/tr\/wp-json\/wp\/v2\/pages\/10164\/revisions"}],"predecessor-version":[{"id":10217,"href":"https:\/\/legacy.runibex.com\/tr\/wp-json\/wp\/v2\/pages\/10164\/revisions\/10217"}],"wp:attachment":[{"href":"https:\/\/legacy.runibex.com\/tr\/wp-json\/wp\/v2\/media?parent=10164"}],"curies":[{"name":"wp","href":"https:\/\/api.w.org\/{rel}","templated":true}]}}