{"id":10276,"date":"2023-03-30T21:45:05","date_gmt":"2023-03-30T20:45:05","guid":{"rendered":"https:\/\/runibex.com\/?page_id=10276"},"modified":"2023-03-30T21:46:24","modified_gmt":"2023-03-30T20:46:24","slug":"gizlilik-politikasi","status":"publish","type":"page","link":"https:\/\/legacy.runibex.com\/tr\/gizlilik-politikasi\/","title":{"rendered":"A\u00e7\u0131k R\u0131za Metni"},"content":{"rendered":"<div class=\"fusion-fullwidth fullwidth-box fusion-builder-row-1 fusion-flex-container nonhundred-percent-fullwidth non-hundred-percent-height-scrolling\" style=\"background-color: rgba(255,255,255,0);background-position: center center;background-repeat: no-repeat;border-width: 0px 0px 0px 0px;border-color:#eae9e9;border-style:solid;\" ><div class=\"fusion-builder-row fusion-row fusion-flex-align-items-flex-start\" style=\"max-width:1216.8px;margin-left: calc(-4% \/ 2 );margin-right: calc(-4% \/ 2 );\"><div class=\"fusion-layout-column fusion_builder_column fusion-builder-column-0 fusion_builder_column_1_1 1_1 fusion-flex-column\"><div class=\"fusion-column-wrapper fusion-flex-justify-content-flex-start fusion-content-layout-column\" style=\"background-position:left top;background-repeat:no-repeat;-webkit-background-size:cover;-moz-background-size:cover;-o-background-size:cover;background-size:cover;padding: 0px 0px 0px 0px;\"><div class=\"fusion-text fusion-text-1\"><p><img decoding=\"async\" class=\"alignnone size-full wp-image-9571\" src=\"https:\/\/i0.wp.com\/runibex.com\/wp-content\/uploads\/2022\/08\/Runibex_logo-01-mobile-retina.png?resize=400%2C123&#038;ssl=1\" alt=\"\" width=\"400\" height=\"123\" srcset=\"https:\/\/i0.wp.com\/legacy.runibex.com\/wp-content\/uploads\/2022\/08\/Runibex_logo-01-mobile-retina.png?resize=200%2C62&amp;ssl=1 200w, https:\/\/i0.wp.com\/legacy.runibex.com\/wp-content\/uploads\/2022\/08\/Runibex_logo-01-mobile-retina.png?fit=400%2C123&amp;ssl=1 400w\" sizes=\"(max-width: 400px) 100vw, 400px\" data-recalc-dims=\"1\" \/><\/p>\n<p style=\"font-weight: 400;\"><strong>K\u0130\u015e\u0130SEL VER\u0130LER\u0130N \u0130\u015eLENMES\u0130NE \u0130L\u0130\u015eK\u0130N A\u00c7IK RIZA METN\u0130<\/strong><\/p>\n<p style=\"font-weight: 400;\"><strong>RUNIBEX TECHNOLOGY GROUP <\/strong>(\u201cRTG\u201d) b\u00fcnyesinde bulunan\u00a0REDIBEX B\u0130LG\u0130 TEKNOLOJ\u0130LER\u0130 A.\u015e.\u00a0\u2013\u00a0RUNIBEX YAZILIM TEKNOLOJ\u0130 Ltd. \u015eti. \u2013 NGI B\u0130LG\u0130 TEKNOLOJ\u0130LER\u0130 A.\u015e. ve RUNIBEX TECHNOLOGY LTD\u00a0\u015firketleri taraf\u0131ndan; taraf\u0131ma iletilen Ayd\u0131nlatma Metni ile, i\u015flenecek Ki\u015fisel Veri kategorileri, i\u015flenecek Ki\u015fisel Veriler, i\u015flenme ama\u00e7lar\u0131, aktar\u0131laca\u011f\u0131 ki\u015filer, toplanma y\u00f6ntemleri ve hukuki sebepleri, Veri Sorumlusunun kimli\u011fi ve sahip oldu\u011fum haklar ayr\u0131nt\u0131l\u0131 ve anla\u015f\u0131l\u0131r bir bi\u00e7imde anlat\u0131lm\u0131\u015f ve taraf\u0131mca s\u00f6z konusu bu bilgilendirme metni okunmu\u015ftur.<\/p>\n<p style=\"font-weight: 400;\">Ki\u015fisel Verilerin Korunmas\u0131 Kanunu kapsam\u0131ndaki haklar\u0131mla ilgili olarak gerekli bilgiyi alabilmem i\u00e7in, RTG Ayd\u0131nlatma Metninin bir suretini teslim ald\u0131\u011f\u0131m\u0131 ve okudu\u011fumu beyan ederim.<\/p>\n<p style=\"font-weight: 400;\">Bu defa \u201cAd, Soyad\u0131\u201d, \u201ce-Posta Adresi\u201d, \u201cTelefon Numaras\u0131\u201d bilgilerimin \u201c\u0130nternet Sitesi \u00dczerinden Gelen Sorular\u0131n Cevapland\u0131r\u0131lmas\u0131\u201d amac\u0131yla i\u015flenmesini,\u00a0 RTG taraf\u0131ndan hizmetin geli\u015ftirilmesi i\u00e7in \u201csite kullan\u0131m\u0131, deneyimleri ve site i\u00e7erisindeki sayfalara ili\u015fkin tercihlerime ili\u015fkin istatistiksel verilerimin\u201d \u00e7erezler ve uygulama ara\u00e7lar\u0131 vas\u0131tas\u0131yla toplanmas\u0131n\u0131 a\u00e7\u0131k r\u0131zam ile kabul ederim.<\/p>\n<p style=\"font-weight: 400;\">Ki\u015fisel verilerimin g\u00fcvenli\u011finin sa\u011flanmas\u0131 ve veri kay\u0131plar\u0131n\u0131n \u00f6nlenmesini sa\u011flamak ve Ayd\u0131nlatma Metninde say\u0131lan di\u011fer veri i\u015fleme ama\u00e7lar\u0131 \u00e7er\u00e7evesinde (taraf\u0131n\u0131za\/ taraf\u0131n\u0131zdan e-posta g\u00f6nderimi nedeniyle i\u015flenen e-posta adresi, ad, soyad\u0131 bilgisi yan\u0131nda e-posta i\u00e7erisinde yer alabilecek -\u00f6zel nitelikli ki\u015fisel veri dahil- di\u011fer ki\u015fisel verilerimin; sunucular\u0131 yurtd\u0131\u015f\u0131nda bulunan e-posta sa\u011flay\u0131c\u0131lar\u0131nda veya bulut sunucularda saklanmas\u0131 da dahil olmak \u00fczere) yurtd\u0131\u015f\u0131ndaki sunucularda saklanmak \u00fczere aktar\u0131lmas\u0131n\u0131 a\u00e7\u0131k r\u0131zam ile kabul ederim.<\/p>\n<p style=\"font-weight: 400;\">Bili\u015fim teknolojileri, pazarlama\/analiz\/segmentasyon\/reklam faaliyetleri ya da uzmanl\u0131k gerektiren dan\u0131\u015fmanl\u0131k vb. konularda \u00fcr\u00fcn ve hizmet deste\u011fi almak amac\u0131yla RTG&#8217;nun yurtd\u0131\u015f\u0131nda bulunan hizmet sa\u011flay\u0131c\u0131lar\u0131 ve i\u015f ortaklar\u0131yla (\u015fikayet y\u00f6netim platformu hizmeti, yaz\u0131l\u0131m geli\u015ftirme ve destek hizmeti, reklam, dijital pazarlama ve analiz hizmeti ve \u00fcr\u00fcn deste\u011fi sa\u011flay\u0131c\u0131lar\u0131, cihazlar ile lokasyon verisi toplama hizmeti, hosting, bak\u0131m ve geli\u015ftirme bak\u0131m hizmeti, \u00e7evrimi\u00e7i anket hizmeti sa\u011flay\u0131c\u0131lar\u0131) ve\/veya yurti\u00e7indeki\/yurtd\u0131\u015f\u0131ndaki tedarik\u00e7ilerin sunucular\u0131n\u0131n yurtd\u0131\u015f\u0131nda olmas\u0131 sebebi ile, kimlik, ileti\u015fim, m\u00fc\u015fteri i\u015flem, finans, pazarlama, i\u015flem g\u00fcvenli\u011fi, hukuki i\u015flem ile g\u00f6rsel ve i\u015fitsel kay\u0131tlar verilerimin yurt d\u0131\u015f\u0131 ile payla\u015f\u0131lmas\u0131n\u0131 a\u00e7\u0131k r\u0131zam ile kabul ederim.<\/p>\n<p style=\"font-weight: 400;\">Ayr\u0131ca, yukar\u0131da a\u00e7\u0131k r\u0131zamla i\u015flenmesine izin verdi\u011fim i\u015fbu ki\u015fisel verilerimin yurti\u00e7inde ve yurtd\u0131\u015f\u0131nda bulunan hissedarlar\u0131n\u0131zla\/grup \u015firketleriniz, i\u015f ortaklar\u0131n\u0131zla payla\u015f\u0131lmas\u0131n\u0131 a\u00e7\u0131k r\u0131zam ile kabul ederim.<\/p>\n<p>&nbsp;<\/p>\n<p><img decoding=\"async\" class=\"alignnone size-full wp-image-9571\" src=\"https:\/\/i0.wp.com\/runibex.com\/wp-content\/uploads\/2022\/08\/Runibex_logo-01-mobile-retina.png?resize=400%2C123&#038;ssl=1\" alt=\"\" width=\"400\" height=\"123\" srcset=\"https:\/\/i0.wp.com\/legacy.runibex.com\/wp-content\/uploads\/2022\/08\/Runibex_logo-01-mobile-retina.png?resize=200%2C62&amp;ssl=1 200w, https:\/\/i0.wp.com\/legacy.runibex.com\/wp-content\/uploads\/2022\/08\/Runibex_logo-01-mobile-retina.png?fit=400%2C123&amp;ssl=1 400w\" sizes=\"(max-width: 400px) 100vw, 400px\" data-recalc-dims=\"1\" \/><\/p>\n<p style=\"font-weight: 400;\">A\u00e7\u0131k r\u0131zaya ili\u015fkin irademin de\u011fi\u015fmesi halinde ise 6698 say\u0131l\u0131 Kanunun taraf\u0131ma tan\u0131m\u0131\u015f oldu\u011fu a\u00e7\u0131k r\u0131zam\u0131 geri alma hakk\u0131m\u0131n bilincindeyim.<\/p>\n<p style=\"font-weight: 400;\">KVK Kanunu\u2019nun 11.maddesi ve ilgili mevzuat uyar\u0131nca; RTG\u2019na ba\u015fvurarak kendimle ilgili; ki\u015fisel veri i\u015flenip i\u015flenmedi\u011fini \u00f6\u011frenme, ki\u015fisel verilerim i\u015flenmi\u015fse buna ili\u015fkin bilgi talep etme, ki\u015fisel verilerimin i\u015flenme amac\u0131n\u0131 ve bunlar\u0131n amac\u0131na uygun kullan\u0131l\u0131p kullan\u0131lmad\u0131\u011f\u0131n\u0131 \u00f6\u011frenme, yurt i\u00e7inde veya yurt d\u0131\u015f\u0131nda ki\u015fisel verilerin aktar\u0131ld\u0131\u011f\u0131 \u00fc\u00e7\u00fcnc\u00fc ki\u015fileri bilme, ki\u015fisel verilerin eksik veya yanl\u0131\u015f i\u015flenmi\u015f olmas\u0131 h\u00e2linde bunlar\u0131n d\u00fczeltilmesini isteme, i\u015fbu verilerin i\u015flenmesini gerektiren sebeplerin ortadan kalkmas\u0131 h\u00e2linde ki\u015fisel verilerimin silinmesini veya yok edilmesini isteme, bu d\u00fczeltme ve silinme taleplerinin ki\u015fisel verilerin aktar\u0131ld\u0131\u011f\u0131 \u00fc\u00e7\u00fcnc\u00fc ki\u015filere bildirilmesini isteme, i\u015flenen verilerin m\u00fcnhas\u0131ran otomatik sistemler vas\u0131tas\u0131yla analiz edilmesi suretiyle kendi aleyhime bir sonucun ortaya \u00e7\u0131kmas\u0131na itiraz etme, ki\u015fisel verilerimin kanuna ayk\u0131r\u0131 olarak i\u015flenmesi sebebiyle zarara u\u011framas\u0131 h\u00e2linde zarar\u0131n giderilmesini talep etme haklar\u0131m\u0131n bulundu\u011funu ve bu haklar\u0131 RTG Ayd\u0131nlatma Metninde belirtilen usulle talep edebilece\u011fimi biliyorum.<\/p>\n<p style=\"font-weight: 400;\">Ayr\u0131ca, RTG ile payla\u015ft\u0131\u011f\u0131m ki\u015fisel verilerin do\u011fru ve g\u00fcncel oldu\u011funu; i\u015fbu bilgilerde de\u011fi\u015fiklik olmas\u0131 halinde de\u011fi\u015fiklikleri RTG\u2019na bildirece\u011fimi kabul ve beyan ederim.<\/p>\n<p style=\"font-weight: 400;\">\u0130mzas\u0131\u00a0\u00a0\u00a0\u00a0\u00a0\u00a0\u00a0\u00a0\u00a0\u00a0\u00a0\u00a0\u00a0\u00a0\u00a0\u00a0\u00a0\u00a0 \u00a0\u00a0\u00a0\u00a0\u00a0\u00a0\u00a0\u00a0\u00a0 :<\/p>\n<p style=\"font-weight: 400;\">Ad\u0131 ve Soyad\u0131\u00a0\u00a0\u00a0\u00a0\u00a0\u00a0\u00a0\u00a0\u00a0\u00a0 \u00a0\u00a0\u00a0\u00a0\u00a0\u00a0\u00a0:<\/p>\n<p style=\"font-weight: 400;\">Tarih\u00a0\u00a0 \u00a0\u00a0\u00a0\u00a0\u00a0\u00a0\u00a0\u00a0\u00a0\u00a0\u00a0\u00a0\u00a0\u00a0 \u00a0\u00a0 \u00a0\u00a0\u00a0\u00a0\u00a0\u00a0\u00a0\u00a0 :<\/p>\n<\/div><\/div><style type=\"text\/css\">.fusion-body .fusion-builder-column-0{width:100% !important;margin-top : 0px;margin-bottom : 0px;}.fusion-builder-column-0 > .fusion-column-wrapper {padding-top : 0px !important;padding-right : 0px !important;margin-right : 1.92%;padding-bottom : 0px !important;padding-left : 0px !important;margin-left : 1.92%;}@media only screen and (max-width:1024px) {.fusion-body .fusion-builder-column-0{width:100% !important;}.fusion-builder-column-0 > .fusion-column-wrapper {margin-right : 1.92%;margin-left : 1.92%;}}@media only screen and (max-width:640px) {.fusion-body .fusion-builder-column-0{width:100% !important;}.fusion-builder-column-0 > .fusion-column-wrapper {margin-right : 1.92%;margin-left : 1.92%;}}<\/style><\/div><\/div><style type=\"text\/css\">.fusion-body .fusion-flex-container.fusion-builder-row-1{ padding-top : 0px;margin-top : 0px;padding-right : 0px;padding-bottom : 0px;margin-bottom : 0px;padding-left : 0px;}<\/style><\/div>\n","protected":false},"excerpt":{"rendered":"","protected":false},"author":9,"featured_media":0,"parent":0,"menu_order":0,"comment_status":"closed","ping_status":"closed","template":"","meta":[],"yoast_head":"<!-- This site is optimized with the Yoast SEO Premium plugin v19.2.1 (Yoast SEO v21.1) - https:\/\/yoast.com\/wordpress\/plugins\/seo\/ -->\n<title>A\u00e7\u0131k R\u0131za Metni - Runibex Technology<\/title>\n<meta name=\"robots\" content=\"index, follow, max-snippet:-1, max-image-preview:large, max-video-preview:-1\" \/>\n<link rel=\"canonical\" href=\"https:\/\/legacy.runibex.com\/gizlilik-politikasi\/\" \/>\n<meta property=\"og:locale\" content=\"tr_TR\" \/>\n<meta property=\"og:type\" content=\"article\" \/>\n<meta property=\"og:title\" content=\"A\u00e7\u0131k R\u0131za Metni\" \/>\n<meta property=\"og:url\" content=\"https:\/\/legacy.runibex.com\/gizlilik-politikasi\/\" \/>\n<meta property=\"og:site_name\" content=\"Runibex Technology\" \/>\n<meta property=\"article:publisher\" content=\"https:\/\/www.facebook.com\/runibextechnologygroup\/\" \/>\n<meta property=\"article:modified_time\" content=\"2023-03-30T20:46:24+00:00\" \/>\n<meta property=\"og:image\" content=\"https:\/\/runibex.com\/wp-content\/uploads\/2022\/08\/Runibex_logo-01-mobile-retina.png\" \/>\n<meta name=\"twitter:card\" content=\"summary_large_image\" \/>\n<meta name=\"twitter:site\" content=\"@runibex\" \/>\n<meta name=\"twitter:label1\" content=\"Tahmini okuma s\u00fcresi\" \/>\n\t<meta name=\"twitter:data1\" content=\"4 dakika\" \/>\n<script type=\"application\/ld+json\" class=\"yoast-schema-graph\">{\"@context\":\"https:\/\/schema.org\",\"@graph\":[{\"@type\":\"WebPage\",\"@id\":\"https:\/\/legacy.runibex.com\/gizlilik-politikasi\/\",\"url\":\"https:\/\/legacy.runibex.com\/gizlilik-politikasi\/\",\"name\":\"A\u00e7\u0131k R\u0131za Metni - Runibex Technology\",\"isPartOf\":{\"@id\":\"https:\/\/legacy.runibex.com\/#website\"},\"datePublished\":\"2023-03-30T20:45:05+00:00\",\"dateModified\":\"2023-03-30T20:46:24+00:00\",\"breadcrumb\":{\"@id\":\"https:\/\/legacy.runibex.com\/gizlilik-politikasi\/#breadcrumb\"},\"inLanguage\":\"tr\",\"potentialAction\":[{\"@type\":\"ReadAction\",\"target\":[\"https:\/\/legacy.runibex.com\/gizlilik-politikasi\/\"]}]},{\"@type\":\"BreadcrumbList\",\"@id\":\"https:\/\/legacy.runibex.com\/gizlilik-politikasi\/#breadcrumb\",\"itemListElement\":[{\"@type\":\"ListItem\",\"position\":1,\"name\":\"Home\",\"item\":\"https:\/\/legacy.runibex.com\/tr\/\"},{\"@type\":\"ListItem\",\"position\":2,\"name\":\"A\u00e7\u0131k R\u0131za Metni\"}]},{\"@type\":\"WebSite\",\"@id\":\"https:\/\/legacy.runibex.com\/#website\",\"url\":\"https:\/\/legacy.runibex.com\/\",\"name\":\"Runibex Technology\",\"description\":\"A cloud service provider and SAP service provider combined to help migrate, manage and optimize your Cloud, SAP and ecommerce systems.\",\"publisher\":{\"@id\":\"https:\/\/legacy.runibex.com\/#organization\"},\"potentialAction\":[{\"@type\":\"SearchAction\",\"target\":{\"@type\":\"EntryPoint\",\"urlTemplate\":\"https:\/\/legacy.runibex.com\/?s={search_term_string}\"},\"query-input\":\"required name=search_term_string\"}],\"inLanguage\":\"tr\"},{\"@type\":\"Organization\",\"@id\":\"https:\/\/legacy.runibex.com\/#organization\",\"name\":\"Runibex Technology\",\"url\":\"https:\/\/legacy.runibex.com\/\",\"logo\":{\"@type\":\"ImageObject\",\"inLanguage\":\"tr\",\"@id\":\"https:\/\/legacy.runibex.com\/#\/schema\/logo\/image\/\",\"url\":\"https:\/\/i0.wp.com\/runibex.com\/wp-content\/uploads\/2022\/08\/Runibex_logo-01-mobile-retina.png?fit=400%2C123&ssl=1\",\"contentUrl\":\"https:\/\/i0.wp.com\/runibex.com\/wp-content\/uploads\/2022\/08\/Runibex_logo-01-mobile-retina.png?fit=400%2C123&ssl=1\",\"width\":400,\"height\":123,\"caption\":\"Runibex Technology\"},\"image\":{\"@id\":\"https:\/\/legacy.runibex.com\/#\/schema\/logo\/image\/\"},\"sameAs\":[\"https:\/\/www.facebook.com\/runibextechnologygroup\/\",\"https:\/\/twitter.com\/runibex\",\"https:\/\/www.instagram.com\/runibextechnology\/\",\"https:\/\/www.linkedin.com\/company\/runibex\/\"]}]}<\/script>\n<!-- \/ Yoast SEO Premium plugin. -->","yoast_head_json":{"title":"A\u00e7\u0131k R\u0131za Metni - Runibex Technology","robots":{"index":"index","follow":"follow","max-snippet":"max-snippet:-1","max-image-preview":"max-image-preview:large","max-video-preview":"max-video-preview:-1"},"canonical":"https:\/\/legacy.runibex.com\/gizlilik-politikasi\/","og_locale":"tr_TR","og_type":"article","og_title":"A\u00e7\u0131k R\u0131za Metni","og_url":"https:\/\/legacy.runibex.com\/gizlilik-politikasi\/","og_site_name":"Runibex Technology","article_publisher":"https:\/\/www.facebook.com\/runibextechnologygroup\/","article_modified_time":"2023-03-30T20:46:24+00:00","og_image":[{"url":"https:\/\/runibex.com\/wp-content\/uploads\/2022\/08\/Runibex_logo-01-mobile-retina.png"}],"twitter_card":"summary_large_image","twitter_site":"@runibex","twitter_misc":{"Tahmini okuma s\u00fcresi":"4 dakika"},"schema":{"@context":"https:\/\/schema.org","@graph":[{"@type":"WebPage","@id":"https:\/\/legacy.runibex.com\/gizlilik-politikasi\/","url":"https:\/\/legacy.runibex.com\/gizlilik-politikasi\/","name":"A\u00e7\u0131k R\u0131za Metni - Runibex Technology","isPartOf":{"@id":"https:\/\/legacy.runibex.com\/#website"},"datePublished":"2023-03-30T20:45:05+00:00","dateModified":"2023-03-30T20:46:24+00:00","breadcrumb":{"@id":"https:\/\/legacy.runibex.com\/gizlilik-politikasi\/#breadcrumb"},"inLanguage":"tr","potentialAction":[{"@type":"ReadAction","target":["https:\/\/legacy.runibex.com\/gizlilik-politikasi\/"]}]},{"@type":"BreadcrumbList","@id":"https:\/\/legacy.runibex.com\/gizlilik-politikasi\/#breadcrumb","itemListElement":[{"@type":"ListItem","position":1,"name":"Home","item":"https:\/\/legacy.runibex.com\/tr\/"},{"@type":"ListItem","position":2,"name":"A\u00e7\u0131k R\u0131za Metni"}]},{"@type":"WebSite","@id":"https:\/\/legacy.runibex.com\/#website","url":"https:\/\/legacy.runibex.com\/","name":"Runibex Technology","description":"A cloud service provider and SAP service provider combined to help migrate, manage and optimize your Cloud, SAP and ecommerce systems.","publisher":{"@id":"https:\/\/legacy.runibex.com\/#organization"},"potentialAction":[{"@type":"SearchAction","target":{"@type":"EntryPoint","urlTemplate":"https:\/\/legacy.runibex.com\/?s={search_term_string}"},"query-input":"required name=search_term_string"}],"inLanguage":"tr"},{"@type":"Organization","@id":"https:\/\/legacy.runibex.com\/#organization","name":"Runibex Technology","url":"https:\/\/legacy.runibex.com\/","logo":{"@type":"ImageObject","inLanguage":"tr","@id":"https:\/\/legacy.runibex.com\/#\/schema\/logo\/image\/","url":"https:\/\/i0.wp.com\/runibex.com\/wp-content\/uploads\/2022\/08\/Runibex_logo-01-mobile-retina.png?fit=400%2C123&ssl=1","contentUrl":"https:\/\/i0.wp.com\/runibex.com\/wp-content\/uploads\/2022\/08\/Runibex_logo-01-mobile-retina.png?fit=400%2C123&ssl=1","width":400,"height":123,"caption":"Runibex Technology"},"image":{"@id":"https:\/\/legacy.runibex.com\/#\/schema\/logo\/image\/"},"sameAs":["https:\/\/www.facebook.com\/runibextechnologygroup\/","https:\/\/twitter.com\/runibex","https:\/\/www.instagram.com\/runibextechnology\/","https:\/\/www.linkedin.com\/company\/runibex\/"]}]}},"amp_enabled":true,"_links":{"self":[{"href":"https:\/\/legacy.runibex.com\/tr\/wp-json\/wp\/v2\/pages\/10276"}],"collection":[{"href":"https:\/\/legacy.runibex.com\/tr\/wp-json\/wp\/v2\/pages"}],"about":[{"href":"https:\/\/legacy.runibex.com\/tr\/wp-json\/wp\/v2\/types\/page"}],"author":[{"embeddable":true,"href":"https:\/\/legacy.runibex.com\/tr\/wp-json\/wp\/v2\/users\/9"}],"replies":[{"embeddable":true,"href":"https:\/\/legacy.runibex.com\/tr\/wp-json\/wp\/v2\/comments?post=10276"}],"version-history":[{"count":2,"href":"https:\/\/legacy.runibex.com\/tr\/wp-json\/wp\/v2\/pages\/10276\/revisions"}],"predecessor-version":[{"id":10280,"href":"https:\/\/legacy.runibex.com\/tr\/wp-json\/wp\/v2\/pages\/10276\/revisions\/10280"}],"wp:attachment":[{"href":"https:\/\/legacy.runibex.com\/tr\/wp-json\/wp\/v2\/media?parent=10276"}],"curies":[{"name":"wp","href":"https:\/\/api.w.org\/{rel}","templated":true}]}}