{"id":10793,"date":"2024-02-13T12:09:30","date_gmt":"2024-02-13T12:09:30","guid":{"rendered":"https:\/\/runibex.com\/?page_id=10793"},"modified":"2025-01-31T09:40:23","modified_gmt":"2025-01-31T09:40:23","slug":"bilgi-guvenligi-politikamiz","status":"publish","type":"page","link":"https:\/\/legacy.runibex.com\/tr\/bilgi-guvenligi-politikamiz\/","title":{"rendered":"Bilgi G\u00fcvenli\u011fi Politikam\u0131z"},"content":{"rendered":"<div class=\"fusion-fullwidth fullwidth-box fusion-builder-row-1 fusion-flex-container nonhundred-percent-fullwidth non-hundred-percent-height-scrolling\" style=\"background-color: rgba(255,255,255,0);background-position: center center;background-repeat: no-repeat;border-width: 0px 0px 0px 0px;border-color:#eae9e9;border-style:solid;\" ><div class=\"fusion-builder-row fusion-row fusion-flex-align-items-flex-start\" style=\"max-width:1216.8px;margin-left: calc(-4% \/ 2 );margin-right: calc(-4% \/ 2 );\"><div class=\"fusion-layout-column fusion_builder_column fusion-builder-column-0 fusion_builder_column_1_1 1_1 fusion-flex-column\"><div class=\"fusion-column-wrapper fusion-flex-justify-content-flex-start fusion-content-layout-column\" style=\"background-position:left top;background-repeat:no-repeat;-webkit-background-size:cover;-moz-background-size:cover;-o-background-size:cover;background-size:cover;padding: 0px 0px 0px 0px;\"><style type=\"text\/css\">@media only screen and (max-width:1024px) {.fusion-title.fusion-title-1{margin-top:0px!important; margin-right:0px!important;margin-bottom:30px!important;margin-left:0px!important;}}@media only screen and (max-width:640px) {.fusion-title.fusion-title-1{margin-top:0px!important; margin-right:0px!important;margin-bottom:20px!important; margin-left:0px!important;}}<\/style><div class=\"fusion-title title fusion-title-1 fusion-title-center fusion-title-text fusion-title-size-three\" style=\"margin-top:0px;margin-right:0px;margin-bottom:30px;margin-left:0px;\"><div class=\"title-sep-container title-sep-container-left\"><div class=\"title-sep sep-\" style=\"border-color:#e2e2e2;\"><\/div><\/div><span class=\"awb-title-spacer\"><\/span><h3 class=\"title-heading-center fusion-responsive-typography-calculated\" style=\"margin:0;color:#000000;--fontSize:28;line-height:1.6;\"><p style=\"font-weight: 400;\"><strong>B\u0130LG\u0130 G\u00dcVENL\u0130\u011e\u0130 POL\u0130T\u0130KAMIZ<\/strong><\/p><\/h3><span class=\"awb-title-spacer\"><\/span><div class=\"title-sep-container title-sep-container-right\"><div class=\"title-sep sep-\" style=\"border-color:#e2e2e2;\"><\/div><\/div><\/div><div class=\"fusion-separator fusion-full-width-sep\" style=\"align-self: center;margin-left: auto;margin-right: auto;flex-grow:1;margin-top:15px;margin-bottom:15px;width:100%;\"><div class=\"fusion-separator-border sep-double\" style=\"border-color:#ffffff;border-top-width:1px;border-bottom-width:1px;\"><\/div><\/div><div class=\"fusion-text fusion-text-1\" style=\"text-transform:none;\"><p style=\"font-weight: 400;\"><strong>RUNIBEX TECHNOLOGY GROUP Bilgi G\u00fcvenli\u011fi ve Ki\u015fisel Veri Y\u00f6netim Sistemi De\u011fi\u015fim Y\u00f6netimi Politikas\u0131; <\/strong><\/p>\n<ul>\n<li>Bilgi sistemlerinde de\u011fi\u015fiklik yapmaya yetkili personel ve yetki seviyelerinin belgelendirildi\u011fi,<\/li>\n<li>Yaz\u0131l\u0131m ve donan\u0131m envanteri olu\u015fturularak g\u00fcncel tutulaca\u011f\u0131n\u0131,<\/li>\n<li>Herhangi bir sistemde de\u011fi\u015fiklik yapmadan \u00f6nce, bu de\u011fi\u015fiklikten etkilenecek t\u00fcm sistem ve uygulamalar belirlenece\u011fini,<\/li>\n<li>De\u011fi\u015fiklikler ger\u00e7ekle\u015ftirilmeden \u00f6nce Sistem Destek y\u00f6neticisinden onay al\u0131naca\u011f\u0131n\u0131,<\/li>\n<li>T\u00fcm sistemlere y\u00f6nelik yap\u0131land\u0131rma belgesi olu\u015fturulaca\u011f\u0131n\u0131, yap\u0131lan her de\u011fi\u015fikli\u011fin bu belgelerde g\u00fcncellenmesi sa\u011flanarak kurumsal de\u011fi\u015fiklik y\u00f6netimi ve takibi temin edilece\u011fini,<\/li>\n<li>Planlanan de\u011fi\u015fiklikler yap\u0131lmadan \u00f6nce ya\u015fanabilecek sorunlar ve geri d\u00f6n\u00fc\u015f planlar\u0131na y\u00f6nelik bir \u00e7al\u0131\u015fma haz\u0131rlanaca\u011f\u0131n\u0131 ve ilgili y\u00f6neticiler taraf\u0131ndan onaylanaca\u011f\u0131n\u0131,<\/li>\n<li>Teknoloji de\u011fi\u015fikliklerinin kurumun sistemlerine etkileri belirli aral\u0131klarla g\u00f6zden ge\u00e7irilece\u011fini,<\/li>\n<li>De\u011fi\u015fiklik y\u00f6netimini i\u015fletmek i\u00e7in bir talep y\u00f6netim sistemi kurulaca\u011f\u0131n\u0131 ve i\u015fletilece\u011fini,<\/li>\n<li>Acil durum de\u011fi\u015fiklikleri (\u00f6rnek: ar\u0131za\/d\u00fczeltme, olay m\u00fcdahalesi vb.) hemen uygulanabilece\u011fini ve de\u011fi\u015fiklik kontrol s\u00fcrecini geriye d\u00f6n\u00fck olarak tamamlayaca\u011f\u0131n\u0131,<\/li>\n<li>Y\u00f6netim, politikan\u0131n ihlali durumunda gerekli s\u00fcre\u00e7leri \u00e7al\u0131\u015ft\u0131raca\u011f\u0131n\u0131,<\/li>\n<li>Y\u00f6netim, politikan\u0131n duyurulmas\u0131n\u0131, eri\u015filebilirli\u011fini sa\u011flamay\u0131, kurum \u00e7al\u0131\u015fanlar\u0131n\u0131n ve di\u011fer t\u00fcm payda\u015flar\u0131n\u0131n bilgi g\u00fcvenli\u011fi fark\u0131ndal\u0131\u011f\u0131n\u0131 artt\u0131rmay\u0131 taahh\u00fct eder.<\/li>\n<\/ul>\n<p style=\"text-align: right;\"><span class=\"Apple-converted-space\"> \u00a0 \u00a0 \u00a0 \u00a0 \u00a0 \u00a0 \u00a0 \u00a0 \u00a0 \u00a0 \u00a0\u00a0<\/span><\/p>\n<p style=\"text-align: right;\"><span class=\"Apple-converted-space\"> \u00a0 \u00a0 \u00a0 \u00a0 \u00a0 \u00a0 \u00a0 \u00a0 \u00a0 \u00a0 \u00a0 \u00a0 \u00a0 \u00a0 \u00a0 \u00a0 \u00a0 \u00a0 \u00a0 \u00a0 \u00a0 \u00a0 \u00a0 \u00a0 \u00a0 \u00a0 \u00a0 \u00a0 \u00a0 \u00a0 \u00a0 \u00a0 \u00a0 \u00a0 \u00a0 \u00a0 \u00a0 \u00a0 \u00a0 \u00a0 \u00a0 \u00a0 \u00a0 \u00a0 \u00a0 \u00a0 \u00a0 \u00a0 <\/span>Fatih \u00d6ZBA\u011eRIA\u00c7IK<br \/>\n<span class=\"Apple-converted-space\">\u00a0 \u00a0 \u00a0 \u00a0 \u00a0 \u00a0 \u00a0 \u00a0 \u00a0 \u00a0 \u00a0 \u00a0 \u00a0 \u00a0 \u00a0 \u00a0 \u00a0 \u00a0 \u00a0 \u00a0 \u00a0 \u00a0 \u00a0 \u00a0 \u00a0 \u00a0 \u00a0 \u00a0 \u00a0 \u00a0 \u00a0 \u00a0 \u00a0 \u00a0 \u00a0 \u00a0 \u00a0 \u00a0 \u00a0 \u00a0 \u00a0 \u00a0 \u00a0 \u00a0 \u00a0 \u00a0 \u00a0 \u00a0 \u00a0 \u00a0 \u00a0 \u00a0 \u00a0 \u00a0 \u00a0 \u00a0 \u00a0 \u00a0 \u00a0 \u00a0 \u00a0 \u00a0 \u00a0 \u00a0 <\/span>Genel M\u00fcd\u00fcr<\/p>\n<\/div><\/div><style type=\"text\/css\">.fusion-body .fusion-builder-column-0{width:100% !important;margin-top : 0px;margin-bottom : 20px;}.fusion-builder-column-0 > .fusion-column-wrapper {padding-top : 0px !important;padding-right : 0px !important;margin-right : 1.92%;padding-bottom : 0px !important;padding-left : 0px !important;margin-left : 1.92%;}@media only screen and (max-width:1024px) {.fusion-body .fusion-builder-column-0{width:100% !important;order : 0;}.fusion-builder-column-0 > .fusion-column-wrapper {margin-right : 1.92%;margin-left : 1.92%;}}@media only screen and (max-width:640px) {.fusion-body .fusion-builder-column-0{width:100% !important;order : 0;}.fusion-builder-column-0 > .fusion-column-wrapper {margin-right : 1.92%;margin-left : 1.92%;}}<\/style><\/div><\/div><style type=\"text\/css\">.fusion-body .fusion-flex-container.fusion-builder-row-1{ padding-top : 60px;margin-top : 0px;padding-right : 0px;padding-bottom : 30px;margin-bottom : 0px;padding-left : 0px;}<\/style><\/div>\n","protected":false},"excerpt":{"rendered":"","protected":false},"author":9,"featured_media":0,"parent":0,"menu_order":0,"comment_status":"closed","ping_status":"closed","template":"100-width.php","meta":[],"yoast_head":"<!-- This site is optimized with the Yoast SEO Premium plugin v19.2.1 (Yoast SEO v21.1) - https:\/\/yoast.com\/wordpress\/plugins\/seo\/ -->\n<title>Bilgi G\u00fcvenli\u011fi Politikam\u0131z - Runibex Technology<\/title>\n<meta name=\"robots\" content=\"noindex, nofollow\" \/>\n<meta property=\"og:locale\" content=\"tr_TR\" \/>\n<meta property=\"og:type\" content=\"article\" \/>\n<meta property=\"og:title\" content=\"Bilgi G\u00fcvenli\u011fi Politikam\u0131z\" \/>\n<meta property=\"og:url\" content=\"https:\/\/legacy.runibex.com\/tr\/bilgi-guvenligi-politikamiz\/\" \/>\n<meta property=\"og:site_name\" content=\"Runibex Technology\" \/>\n<meta property=\"article:publisher\" content=\"https:\/\/www.facebook.com\/runibextechnologygroup\/\" \/>\n<meta property=\"article:modified_time\" content=\"2025-01-31T09:40:23+00:00\" \/>\n<meta name=\"twitter:card\" content=\"summary_large_image\" \/>\n<meta name=\"twitter:site\" content=\"@runibex\" \/>\n<meta name=\"twitter:label1\" content=\"Tahmini okuma s\u00fcresi\" \/>\n\t<meta name=\"twitter:data1\" content=\"3 dakika\" \/>\n<script type=\"application\/ld+json\" class=\"yoast-schema-graph\">{\"@context\":\"https:\/\/schema.org\",\"@graph\":[{\"@type\":\"WebPage\",\"@id\":\"https:\/\/legacy.runibex.com\/tr\/bilgi-guvenligi-politikamiz\/\",\"url\":\"https:\/\/legacy.runibex.com\/tr\/bilgi-guvenligi-politikamiz\/\",\"name\":\"Bilgi G\u00fcvenli\u011fi Politikam\u0131z - Runibex Technology\",\"isPartOf\":{\"@id\":\"https:\/\/legacy.runibex.com\/#website\"},\"datePublished\":\"2024-02-13T12:09:30+00:00\",\"dateModified\":\"2025-01-31T09:40:23+00:00\",\"breadcrumb\":{\"@id\":\"https:\/\/legacy.runibex.com\/tr\/bilgi-guvenligi-politikamiz\/#breadcrumb\"},\"inLanguage\":\"tr\",\"potentialAction\":[{\"@type\":\"ReadAction\",\"target\":[\"https:\/\/legacy.runibex.com\/tr\/bilgi-guvenligi-politikamiz\/\"]}]},{\"@type\":\"BreadcrumbList\",\"@id\":\"https:\/\/legacy.runibex.com\/tr\/bilgi-guvenligi-politikamiz\/#breadcrumb\",\"itemListElement\":[{\"@type\":\"ListItem\",\"position\":1,\"name\":\"Home\",\"item\":\"https:\/\/legacy.runibex.com\/tr\/\"},{\"@type\":\"ListItem\",\"position\":2,\"name\":\"Bilgi G\u00fcvenli\u011fi Politikam\u0131z\"}]},{\"@type\":\"WebSite\",\"@id\":\"https:\/\/legacy.runibex.com\/#website\",\"url\":\"https:\/\/legacy.runibex.com\/\",\"name\":\"Runibex Technology\",\"description\":\"A cloud service provider and SAP service provider combined to help migrate, manage and optimize your Cloud, SAP and ecommerce systems.\",\"publisher\":{\"@id\":\"https:\/\/legacy.runibex.com\/#organization\"},\"potentialAction\":[{\"@type\":\"SearchAction\",\"target\":{\"@type\":\"EntryPoint\",\"urlTemplate\":\"https:\/\/legacy.runibex.com\/?s={search_term_string}\"},\"query-input\":\"required name=search_term_string\"}],\"inLanguage\":\"tr\"},{\"@type\":\"Organization\",\"@id\":\"https:\/\/legacy.runibex.com\/#organization\",\"name\":\"Runibex Technology\",\"url\":\"https:\/\/legacy.runibex.com\/\",\"logo\":{\"@type\":\"ImageObject\",\"inLanguage\":\"tr\",\"@id\":\"https:\/\/legacy.runibex.com\/#\/schema\/logo\/image\/\",\"url\":\"https:\/\/i0.wp.com\/runibex.com\/wp-content\/uploads\/2022\/08\/Runibex_logo-01-mobile-retina.png?fit=400%2C123&ssl=1\",\"contentUrl\":\"https:\/\/i0.wp.com\/runibex.com\/wp-content\/uploads\/2022\/08\/Runibex_logo-01-mobile-retina.png?fit=400%2C123&ssl=1\",\"width\":400,\"height\":123,\"caption\":\"Runibex Technology\"},\"image\":{\"@id\":\"https:\/\/legacy.runibex.com\/#\/schema\/logo\/image\/\"},\"sameAs\":[\"https:\/\/www.facebook.com\/runibextechnologygroup\/\",\"https:\/\/twitter.com\/runibex\",\"https:\/\/www.instagram.com\/runibextechnology\/\",\"https:\/\/www.linkedin.com\/company\/runibex\/\"]}]}<\/script>\n<!-- \/ Yoast SEO Premium plugin. -->","yoast_head_json":{"title":"Bilgi G\u00fcvenli\u011fi Politikam\u0131z - Runibex Technology","robots":{"index":"noindex","follow":"nofollow"},"og_locale":"tr_TR","og_type":"article","og_title":"Bilgi G\u00fcvenli\u011fi Politikam\u0131z","og_url":"https:\/\/legacy.runibex.com\/tr\/bilgi-guvenligi-politikamiz\/","og_site_name":"Runibex Technology","article_publisher":"https:\/\/www.facebook.com\/runibextechnologygroup\/","article_modified_time":"2025-01-31T09:40:23+00:00","twitter_card":"summary_large_image","twitter_site":"@runibex","twitter_misc":{"Tahmini okuma s\u00fcresi":"3 dakika"},"schema":{"@context":"https:\/\/schema.org","@graph":[{"@type":"WebPage","@id":"https:\/\/legacy.runibex.com\/tr\/bilgi-guvenligi-politikamiz\/","url":"https:\/\/legacy.runibex.com\/tr\/bilgi-guvenligi-politikamiz\/","name":"Bilgi G\u00fcvenli\u011fi Politikam\u0131z - Runibex Technology","isPartOf":{"@id":"https:\/\/legacy.runibex.com\/#website"},"datePublished":"2024-02-13T12:09:30+00:00","dateModified":"2025-01-31T09:40:23+00:00","breadcrumb":{"@id":"https:\/\/legacy.runibex.com\/tr\/bilgi-guvenligi-politikamiz\/#breadcrumb"},"inLanguage":"tr","potentialAction":[{"@type":"ReadAction","target":["https:\/\/legacy.runibex.com\/tr\/bilgi-guvenligi-politikamiz\/"]}]},{"@type":"BreadcrumbList","@id":"https:\/\/legacy.runibex.com\/tr\/bilgi-guvenligi-politikamiz\/#breadcrumb","itemListElement":[{"@type":"ListItem","position":1,"name":"Home","item":"https:\/\/legacy.runibex.com\/tr\/"},{"@type":"ListItem","position":2,"name":"Bilgi G\u00fcvenli\u011fi Politikam\u0131z"}]},{"@type":"WebSite","@id":"https:\/\/legacy.runibex.com\/#website","url":"https:\/\/legacy.runibex.com\/","name":"Runibex Technology","description":"A cloud service provider and SAP service provider combined to help migrate, manage and optimize your Cloud, SAP and ecommerce systems.","publisher":{"@id":"https:\/\/legacy.runibex.com\/#organization"},"potentialAction":[{"@type":"SearchAction","target":{"@type":"EntryPoint","urlTemplate":"https:\/\/legacy.runibex.com\/?s={search_term_string}"},"query-input":"required name=search_term_string"}],"inLanguage":"tr"},{"@type":"Organization","@id":"https:\/\/legacy.runibex.com\/#organization","name":"Runibex Technology","url":"https:\/\/legacy.runibex.com\/","logo":{"@type":"ImageObject","inLanguage":"tr","@id":"https:\/\/legacy.runibex.com\/#\/schema\/logo\/image\/","url":"https:\/\/i0.wp.com\/runibex.com\/wp-content\/uploads\/2022\/08\/Runibex_logo-01-mobile-retina.png?fit=400%2C123&ssl=1","contentUrl":"https:\/\/i0.wp.com\/runibex.com\/wp-content\/uploads\/2022\/08\/Runibex_logo-01-mobile-retina.png?fit=400%2C123&ssl=1","width":400,"height":123,"caption":"Runibex Technology"},"image":{"@id":"https:\/\/legacy.runibex.com\/#\/schema\/logo\/image\/"},"sameAs":["https:\/\/www.facebook.com\/runibextechnologygroup\/","https:\/\/twitter.com\/runibex","https:\/\/www.instagram.com\/runibextechnology\/","https:\/\/www.linkedin.com\/company\/runibex\/"]}]}},"amp_enabled":false,"_links":{"self":[{"href":"https:\/\/legacy.runibex.com\/tr\/wp-json\/wp\/v2\/pages\/10793"}],"collection":[{"href":"https:\/\/legacy.runibex.com\/tr\/wp-json\/wp\/v2\/pages"}],"about":[{"href":"https:\/\/legacy.runibex.com\/tr\/wp-json\/wp\/v2\/types\/page"}],"author":[{"embeddable":true,"href":"https:\/\/legacy.runibex.com\/tr\/wp-json\/wp\/v2\/users\/9"}],"replies":[{"embeddable":true,"href":"https:\/\/legacy.runibex.com\/tr\/wp-json\/wp\/v2\/comments?post=10793"}],"version-history":[{"count":3,"href":"https:\/\/legacy.runibex.com\/tr\/wp-json\/wp\/v2\/pages\/10793\/revisions"}],"predecessor-version":[{"id":11026,"href":"https:\/\/legacy.runibex.com\/tr\/wp-json\/wp\/v2\/pages\/10793\/revisions\/11026"}],"wp:attachment":[{"href":"https:\/\/legacy.runibex.com\/tr\/wp-json\/wp\/v2\/media?parent=10793"}],"curies":[{"name":"wp","href":"https:\/\/api.w.org\/{rel}","templated":true}]}}